{"id":11,"date":"2024-12-19T18:17:24","date_gmt":"2024-12-19T18:17:24","guid":{"rendered":"https:\/\/sei.com.ar\/wordpress\/?page_id=11"},"modified":"2025-10-22T07:58:58","modified_gmt":"2025-10-22T10:58:58","slug":"acerca-de","status":"publish","type":"page","link":"https:\/\/sei.com.ar\/?page_id=11","title":{"rendered":"Acerca de"},"content":{"rendered":"\n<p>SEI Servicios Especiales en Inform\u00e1tica S.A.creada en 1986 en Buenos Aires \u2013 Argentina, se dedica desde entonces al desarrollo de software y servicios relacionados que permiten optimizar y simplificar los procesos empresariales, tanto en las firmas comerciales como en la industria.<\/p>\n\n\n\n<p>En SEI se producen tecnolog\u00edas tales como: Software de Gesti\u00f3n (ERP); Sistemas Geo data; Aplicaciones Mobile, todas probadas en a\u00f1os de uso en el terreno de varias instalaciones.<\/p>\n\n\n\n<div class=\"wp-block-columns is-layout-flex wp-container-core-columns-is-layout-9d6595d7 wp-block-columns-is-layout-flex\">\n<div class=\"wp-block-column is-layout-flow wp-block-column-is-layout-flow\">\n<figure class=\"wp-block-image size-full is-resized\"><img loading=\"lazy\" decoding=\"async\" width=\"180\" height=\"180\" src=\"https:\/\/sei.com.ar\/wp-content\/uploads\/2025\/10\/argentina-1524518__180.png\" alt=\"\" class=\"wp-image-946\" style=\"width:142px;height:auto\"\/><\/figure>\n\n\n\n<p>Producto Orgullosamente Argentino<\/p>\n<\/div>\n\n\n\n<div class=\"wp-block-column is-layout-flow wp-block-column-is-layout-flow\"><\/div>\n<\/div>\n\n\n\n<p><\/p>\n","protected":false},"excerpt":{"rendered":"<p>SEI Servicios Especiales en Inform\u00e1tica S.A.creada en 1986 en Buenos Aires \u2013 Argentina, [&hellip;]<\/p>\n","protected":false},"author":1,"featured_media":0,"parent":0,"menu_order":6,"comment_status":"closed","ping_status":"closed","template":"","meta":{"footnotes":""},"class_list":["post-11","page","type-page","status-publish","hentry"],"_links":{"self":[{"href":"https:\/\/sei.com.ar\/index.php?rest_route=\/wp\/v2\/pages\/11","targetHints":{"allow":["GET"]}}],"collection":[{"href":"https:\/\/sei.com.ar\/index.php?rest_route=\/wp\/v2\/pages"}],"about":[{"href":"https:\/\/sei.com.ar\/index.php?rest_route=\/wp\/v2\/types\/page"}],"author":[{"embeddable":true,"href":"https:\/\/sei.com.ar\/index.php?rest_route=\/wp\/v2\/users\/1"}],"replies":[{"embeddable":true,"href":"https:\/\/sei.com.ar\/index.php?rest_route=%2Fwp%2Fv2%2Fcomments&post=11"}],"version-history":[{"count":4,"href":"https:\/\/sei.com.ar\/index.php?rest_route=\/wp\/v2\/pages\/11\/revisions"}],"predecessor-version":[{"id":947,"href":"https:\/\/sei.com.ar\/index.php?rest_route=\/wp\/v2\/pages\/11\/revisions\/947"}],"wp:attachment":[{"href":"https:\/\/sei.com.ar\/index.php?rest_route=%2Fwp%2Fv2%2Fmedia&parent=11"}],"curies":[{"name":"wp","href":"https:\/\/api.w.org\/{rel}","templated":true}]}}