{"id":44,"date":"2024-12-20T12:54:47","date_gmt":"2024-12-20T15:54:47","guid":{"rendered":"https:\/\/sei.com.ar\/wordpress\/?page_id=44"},"modified":"2025-08-07T12:19:14","modified_gmt":"2025-08-07T15:19:14","slug":"quienes-somos","status":"publish","type":"page","link":"https:\/\/sei.com.ar\/?page_id=44","title":{"rendered":"Quienes Somos"},"content":{"rendered":"\n<h2 class=\"wp-block-heading\">Historia<\/h2>\n\n\n\n<h3 class=\"wp-block-heading\">Misi\u00f3n<\/h3>\n\n\n\n<p>Brindar soluciones inform\u00e1ticas especializadas, desarrollando software de alta calidad para<br>optimizar la log\u00edstica y comercializaci\u00f3n de gases industriales, medicinales y de petr\u00f3leo,<br>con foco en la eficiencia, la trazabilidad y la innovaci\u00f3n tecnol\u00f3gica.<\/p>\n\n\n\n<h3 class=\"wp-block-heading\">Visi\u00f3n<\/h3>\n\n\n\n<p>Ser referentes a nivel mundial en el desarrollo de soluciones tecnol\u00f3gicas para la industria<br>del gas, liderando la transformaci\u00f3n digital del sector con innovaci\u00f3n, calidad y un profundo<br>conocimiento de los procesos log\u00edsticos y comerciales de gases industriales, medicinales y<br>de petr\u00f3leo.<\/p>\n\n\n\n<p><\/p>\n\n\n\n<h3 class=\"wp-block-heading\">Valores<\/h3>\n\n\n\n<p><strong>Innovaci\u00f3n constante<\/strong>: Buscamos mejorar y evolucionar permanentemente<br>nuestras soluciones tecnol\u00f3gicas para anticiparnos a las necesidades del mercado.<\/p>\n\n\n\n<p><strong>Compromiso con la calidad<\/strong>: Desarrollamos software robusto, confiable y adaptado<br>a los m\u00e1s altos est\u00e1ndares del sector.<\/p>\n\n\n\n<p><strong>Orientaci\u00f3n al cliente<\/strong>: Escuchamos y entendemos las particularidades de cada<br>cliente para ofrecer soluciones personalizadas y efectivas.<\/p>\n\n\n\n<p><strong>Integridad<\/strong>: Actuamos con \u00e9tica, transparencia y responsabilidad en cada acci\u00f3n.<\/p>\n\n\n\n<p><strong>Especializaci\u00f3n y conocimiento profundo<\/strong>: Contamos con un equipo experto en<br>desarrollo de software para log\u00edstica y comercializaci\u00f3n de gases, lo que nos permite<br>ofrecer soluciones relevantes.<\/p>\n\n\n\n<p><strong>Colaboraci\u00f3n<\/strong>: Valoramos el trabajo en equipo, tanto dentro de SEI como en la<br>relaci\u00f3n con nuestros clientes y socios.<\/p>\n\n\n\n<p> <br><\/p>\n","protected":false},"excerpt":{"rendered":"<p>Historia Misi\u00f3n Brindar soluciones inform\u00e1ticas especializadas, desarrollando software de alta calidad paraoptimizar la [&hellip;]<\/p>\n","protected":false},"author":1,"featured_media":0,"parent":0,"menu_order":3,"comment_status":"closed","ping_status":"closed","template":"","meta":{"footnotes":""},"class_list":["post-44","page","type-page","status-publish","hentry"],"_links":{"self":[{"href":"https:\/\/sei.com.ar\/index.php?rest_route=\/wp\/v2\/pages\/44","targetHints":{"allow":["GET"]}}],"collection":[{"href":"https:\/\/sei.com.ar\/index.php?rest_route=\/wp\/v2\/pages"}],"about":[{"href":"https:\/\/sei.com.ar\/index.php?rest_route=\/wp\/v2\/types\/page"}],"author":[{"embeddable":true,"href":"https:\/\/sei.com.ar\/index.php?rest_route=\/wp\/v2\/users\/1"}],"replies":[{"embeddable":true,"href":"https:\/\/sei.com.ar\/index.php?rest_route=%2Fwp%2Fv2%2Fcomments&post=44"}],"version-history":[{"count":23,"href":"https:\/\/sei.com.ar\/index.php?rest_route=\/wp\/v2\/pages\/44\/revisions"}],"predecessor-version":[{"id":525,"href":"https:\/\/sei.com.ar\/index.php?rest_route=\/wp\/v2\/pages\/44\/revisions\/525"}],"wp:attachment":[{"href":"https:\/\/sei.com.ar\/index.php?rest_route=%2Fwp%2Fv2%2Fmedia&parent=44"}],"curies":[{"name":"wp","href":"https:\/\/api.w.org\/{rel}","templated":true}]}}