{"id":47,"date":"2024-12-20T12:55:46","date_gmt":"2024-12-20T15:55:46","guid":{"rendered":"https:\/\/sei.com.ar\/wordpress\/?page_id=47"},"modified":"2025-03-12T15:05:41","modified_gmt":"2025-03-12T18:05:41","slug":"servicios","status":"publish","type":"page","link":"https:\/\/sei.com.ar\/?page_id=47","title":{"rendered":"Servicios"},"content":{"rendered":"\n<h4 class=\"wp-block-heading\">Capacitaci\u00f3n<\/h4>\n\n\n\n<p>SEI lo acompa\u00f1a en todo el proceso de implementaci\u00f3n de la soluci\u00f3n inform\u00e1tica elegida, logrando as\u00ed una r\u00e1pida familiarizaci\u00f3n de sus colaboradores con las nuevas herramientas y un m\u00e1ximo aprovechamiento de los recursos que \u00e9stas ofrecen.<\/p>\n\n\n\n<p>Compartimos el objetivo de lograr una asimilaci\u00f3n r\u00e1pida y suave al cambio tecnol\u00f3gico en su organizaci\u00f3n. Un <em>staff<\/em> de profesionales y especialistas en productos SEI est\u00e1n a su disposici\u00f3n para trabajar en coordinaci\u00f3n con su equipo.<\/p>\n\n\n\n<p>Los cursos podr\u00e1n dictarse en su propio \u00e1mbito de trabajo o tambi\u00e9n v\u00eda internet, en d\u00edas y horarios a convenir. Complementariamente, se ofrecer\u00e1n sin cargo instructivos en PDF y\/o Multimedia que lo guiar\u00e1n con \u00e9xito.<\/p>\n\n\n\n<h4 class=\"wp-block-heading\">Soporte Remoto<\/h4>\n\n\n\n<p>Nuestro servicio de soporte remoto le permite acceder a una pronta respuesta para el mantenimiento de su sistema y la asistencia funcional a sus operadores. La&nbsp;atenci\u00f3n es personalizada, asistido por especialistas en su producto.<\/p>\n\n\n\n<p>Adhiera a su empresa al servicio de mantenimiento con abono mensual y reciba todas las actualizaciones y mejoras para mantener su aplicaci\u00f3n al d\u00eda.<\/p>\n\n\n\n<h5 class=\"wp-block-heading\">V\u00edas habilitadas<\/h5>\n\n\n\n<ul class=\"wp-block-list\">\n<li>Telef\u00f3nica<\/li>\n\n\n\n<li>Control remoto<\/li>\n\n\n\n<li>Correo electr\u00f3nico<\/li>\n\n\n\n<li>Servicios in situ<\/li>\n<\/ul>\n\n\n\n<h5 class=\"wp-block-heading\">D\u00edas y horarios de atenci\u00f3n<\/h5>\n\n\n\n<p>Lunes a Viernes, de 08.00 a 18.00 horas<\/p>\n","protected":false},"excerpt":{"rendered":"<p>Capacitaci\u00f3n SEI lo acompa\u00f1a en todo el proceso de implementaci\u00f3n de la soluci\u00f3n [&hellip;]<\/p>\n","protected":false},"author":1,"featured_media":0,"parent":0,"menu_order":2,"comment_status":"closed","ping_status":"closed","template":"","meta":{"footnotes":""},"class_list":["post-47","page","type-page","status-publish","hentry"],"_links":{"self":[{"href":"https:\/\/sei.com.ar\/index.php?rest_route=\/wp\/v2\/pages\/47","targetHints":{"allow":["GET"]}}],"collection":[{"href":"https:\/\/sei.com.ar\/index.php?rest_route=\/wp\/v2\/pages"}],"about":[{"href":"https:\/\/sei.com.ar\/index.php?rest_route=\/wp\/v2\/types\/page"}],"author":[{"embeddable":true,"href":"https:\/\/sei.com.ar\/index.php?rest_route=\/wp\/v2\/users\/1"}],"replies":[{"embeddable":true,"href":"https:\/\/sei.com.ar\/index.php?rest_route=%2Fwp%2Fv2%2Fcomments&post=47"}],"version-history":[{"count":2,"href":"https:\/\/sei.com.ar\/index.php?rest_route=\/wp\/v2\/pages\/47\/revisions"}],"predecessor-version":[{"id":319,"href":"https:\/\/sei.com.ar\/index.php?rest_route=\/wp\/v2\/pages\/47\/revisions\/319"}],"wp:attachment":[{"href":"https:\/\/sei.com.ar\/index.php?rest_route=%2Fwp%2Fv2%2Fmedia&parent=47"}],"curies":[{"name":"wp","href":"https:\/\/api.w.org\/{rel}","templated":true}]}}