{"id":55,"date":"2024-12-20T13:02:13","date_gmt":"2024-12-20T16:02:13","guid":{"rendered":"https:\/\/sei.com.ar\/wordpress\/?page_id=55"},"modified":"2025-08-22T18:38:17","modified_gmt":"2025-08-22T21:38:17","slug":"bigbang-e-jazz","status":"publish","type":"page","link":"https:\/\/sei.com.ar\/?page_id=55","title":{"rendered":"BigBang e-Jazz"},"content":{"rendered":"<div data-colibri-id=\"55-c1\" class=\"style-352 style-local-55-c1 position-relative\">\n  <!---->\n  <div data-colibri-component=\"section\" data-colibri-id=\"55-c2\" id=\"initial-content\" class=\"h-section h-section-global-spacing d-flex align-items-lg-center align-items-md-center align-items-center style-353 style-local-55-c2 position-relative\">\n    <!---->\n    <!---->\n    <div style=\"height: 100px; bottom: calc(0px);\" class=\"h-separator\">\n      <svg style=\"fill:rgb(247, 35, 91);\" xmlns=\"http:\/\/www.w3.org\/2000\/svg\" viewBox=\"0 0 1000 100\" preserveAspectRatio=\"none\">\n        <path class=\"svg-white-bg\" d=\"M737.9,94.7L0,0v100h1000V0L737.9,94.7z\"><\/path>\n      <\/svg>\n    <\/div>\n    <div class=\"h-section-grid-container h-section-boxed-container\">\n      <!---->\n      <div data-colibri-id=\"55-c3\" class=\"h-row-container gutters-row-lg-2 gutters-row-md-2 gutters-row-0 gutters-row-v-lg-2 gutters-row-v-md-2 gutters-row-v-2 style-354 style-local-55-c3 position-relative\">\n        <!---->\n        <div class=\"h-row justify-content-lg-center justify-content-md-center justify-content-center align-items-lg-stretch align-items-md-stretch align-items-stretch gutters-col-lg-2 gutters-col-md-2 gutters-col-0 gutters-col-v-lg-2 gutters-col-v-md-2 gutters-col-v-2\">\n          <!---->\n          <div class=\"h-column h-column-container d-flex h-col-lg-auto h-col-md-auto h-col-auto style-355-outer style-local-55-c4-outer\">\n            <div data-colibri-id=\"55-c4\" class=\"d-flex h-flex-basis h-column__inner h-px-lg-2 h-px-md-2 h-px-2 v-inner-lg-2 v-inner-md-2 v-inner-2 style-355 style-local-55-c4 position-relative\">\n              <!---->\n              <!---->\n              <div class=\"w-100 h-y-container h-column__content h-column__v-align flex-basis-100 align-self-lg-start align-self-md-start align-self-start\">\n                <!---->\n                <div data-colibri-id=\"55-c5\" class=\"style-356 style-local-55-c5 position-relative h-element\">\n                  <!---->\n                  <div>\n                    \n                    <h2 class=\"wp-block-heading\">Gases Industriales y Gases derivados del Petroleo (GLP)<\/h2>\n                    \n\n                    \n                    <figure class=\"wp-block-gallery has-nested-images columns-default is-cropped wp-block-gallery-1 is-layout-flex wp-block-gallery-is-layout-flex\">\n                      \n                      <figure class=\"wp-block-image size-full\">\n                        <img loading=\"lazy\" decoding=\"async\" width=\"690\" height=\"460\" data-id=\"251\" src=\"https:\/\/sei.com.ar\/wordpress\/wp-content\/uploads\/2025\/02\/e3eab2fd52fc88919cadb62de543c468.jpg\" alt=\"\" class=\"wp-image-251\" srcset=\"https:\/\/sei.com.ar\/wp-content\/uploads\/2025\/02\/e3eab2fd52fc88919cadb62de543c468.jpg 690w, https:\/\/sei.com.ar\/wp-content\/uploads\/2025\/02\/e3eab2fd52fc88919cadb62de543c468-600x400.jpg 600w\" sizes=\"auto, (max-width: 690px) 100vw, 690px\" \/>\n                      <\/figure>\n                      \n                    <\/figure>\n                    \n\n                    \n                    <hr class=\"wp-block-separator has-alpha-channel-opacity\">\n                    \n\n                    \n                    <h3 class=\"wp-block-heading\">Empresas distribuidoras o fraccionadoras de gases<\/h3>\n                    \n\n                    \n                    <p>BigBang e \u2013Jazz es el software de gesti\u00f3n desarrollado por SEI que permite administrar de un modo inteligente y simple todos los procesos y recursos de las empresas que operan en la industria de los Gases del Aire y GLP.<\/p>\n                    \n\n                    \n                    <div class=\"wp-block-columns is-layout-flex wp-container-core-columns-is-layout-9d6595d7 wp-block-columns-is-layout-flex\">\n                      \n                      <div class=\"wp-block-column is-layout-flow wp-block-column-is-layout-flow\">\n                        <div class=\"wp-block-image\">\n                        <figure class=\"aligncenter size-full is-resized\">\n                          <img loading=\"lazy\" decoding=\"async\" width=\"800\" height=\"659\" src=\"https:\/\/sei.com.ar\/wordpress\/wp-content\/uploads\/2025\/03\/industrial-gases.jpg\" alt=\"\" class=\"wp-image-342\" style=\"width:381px;height:auto\" srcset=\"https:\/\/sei.com.ar\/wp-content\/uploads\/2025\/03\/industrial-gases.jpg 800w, https:\/\/sei.com.ar\/wp-content\/uploads\/2025\/03\/industrial-gases-600x494.jpg 600w, https:\/\/sei.com.ar\/wp-content\/uploads\/2025\/03\/industrial-gases-768x633.jpg 768w\" sizes=\"auto, (max-width: 800px) 100vw, 800px\" \/>\n                        <\/figure>\n                        <\/div>\n                      <\/div>\n                      \n\n                      \n                      <div class=\"wp-block-column is-layout-flow wp-block-column-is-layout-flow\">\n                        <div class=\"wp-block-image\">\n                        <figure class=\"alignright size-full\">\n                          <img loading=\"lazy\" decoding=\"async\" width=\"1200\" height=\"717\" src=\"https:\/\/sei.com.ar\/wordpress\/wp-content\/uploads\/2025\/03\/planta-glp-1.jpg\" alt=\"\" class=\"wp-image-352\" srcset=\"https:\/\/sei.com.ar\/wp-content\/uploads\/2025\/03\/planta-glp-1.jpg 1200w, https:\/\/sei.com.ar\/wp-content\/uploads\/2025\/03\/planta-glp-1-600x359.jpg 600w, https:\/\/sei.com.ar\/wp-content\/uploads\/2025\/03\/planta-glp-1-768x459.jpg 768w\" sizes=\"auto, (max-width: 1200px) 100vw, 1200px\" \/>\n                        <\/figure>\n                        <\/div>\n                      <\/div>\n                      \n                    <\/div>\n                    \n\n                    \n                    <h4 class=\"wp-block-heading\">\u00bfPor qu\u00e9 elegir BigBang e-Jazz ERP?<\/h4>\n                    \n\n                    \n                    <p>Los sectores de la actividad econ\u00f3mica con complejidades espec\u00edficas (como ocurre en los Gases del Aire y en el Gas Licuado de Petr\u00f3leo) requieren de soluciones espec\u00edficas.<\/p>\n                    \n\n                    \n                    <p>Esta versi\u00f3n Gases del ERP BigBang e-Jazz no s\u00f3lo cuenta con las aplicaciones habituales para cada \u00e1rea de trabajo, sino que comprende de m\u00faltiples funciones para gestionar eficientemente cada uno de los procesos del sector gas\u00edfero:\n                      desde la producci\u00f3n, fraccionamiento, distribuci\u00f3n y venta del producto envasado y\/o granel.<\/p>\n                    \n\n                    \n                    <p>BigBang ERP Gases otorga un control total del envase y la trazabilidad de informaci\u00f3n y de cada cilindro, equipo o tanque fijo (dependiendo la actividad) y muchas otras aplicaciones para simplificar la toma de decisiones basadas en\n                      informaci\u00f3n actualizada y confiable.<\/p>\n                    \n\n                    \n                    <p>Est\u00e1 alcance de toda empresa que desee actualizar su tecnolog\u00eda y ser m\u00e1s exitosa en estos mercados complejos y competitivos, m\u00e1s all\u00e1 del tama\u00f1o de su negocio. Numerosas empresas de su misma actividad ya lo han implementado y SEI\n                      contin\u00faa mejor\u00e1ndolo y liberando actualizaciones peri\u00f3dicas.<\/p>\n                    \n\n                    \n                    <p>BigBang e-Jazz ERP Gases es el software correcto para agilizar la gesti\u00f3n y control de su negocio.<\/p>\n                    \n\n                    \n                    <h4 class=\"wp-block-heading\">M\u00f3dulos<\/h4>\n                    \n\n                    \n                    <p>Los m\u00f3dulos del sistema de gesti\u00f3n BigBang e-Jazz tienen la capacidad de trabajar juntos como una unidad, seg\u00fan el concepto de integraci\u00f3n de la tecnolog\u00eda ERP. Cualquiera de sus m\u00f3dulos no requerido hoy puede ser necesario ma\u00f1ana\n                      para su organizaci\u00f3n e incorporado f\u00e1cilmente.<\/p>\n                    \n\n                    \n                    <div class=\"wp-block-columns is-layout-flex wp-container-core-columns-is-layout-9d6595d7 wp-block-columns-is-layout-flex\">\n                      \n                      <div class=\"wp-block-column is-layout-flow wp-block-column-is-layout-flow\">\n                        <div class=\"wp-block-image\">\n                        <figure class=\"alignleft size-full is-resized\">\n                          <img loading=\"lazy\" decoding=\"async\" width=\"1000\" height=\"698\" src=\"https:\/\/sei.com.ar\/wordpress\/wp-content\/uploads\/2025\/03\/hinos-distribucion.jpg\" alt=\"\" class=\"wp-image-355\" style=\"width:397px;height:auto\" srcset=\"https:\/\/sei.com.ar\/wp-content\/uploads\/2025\/03\/hinos-distribucion.jpg 1000w, https:\/\/sei.com.ar\/wp-content\/uploads\/2025\/03\/hinos-distribucion-600x419.jpg 600w, https:\/\/sei.com.ar\/wp-content\/uploads\/2025\/03\/hinos-distribucion-768x536.jpg 768w\" sizes=\"auto, (max-width: 1000px) 100vw, 1000px\" \/>\n                        <\/figure>\n                        <\/div>\n                      <\/div>\n                      \n\n                      \n                      <div class=\"wp-block-column is-layout-flow wp-block-column-is-layout-flow\">\n                        <div class=\"wp-block-image\">\n                        <figure class=\"alignright size-full is-resized\">\n                          <img loading=\"lazy\" decoding=\"async\" width=\"647\" height=\"530\" src=\"https:\/\/sei.com.ar\/wordpress\/wp-content\/uploads\/2025\/03\/venta-mostrador-2.jpg\" alt=\"\" class=\"wp-image-356\" style=\"width:353px;height:auto\" srcset=\"https:\/\/sei.com.ar\/wp-content\/uploads\/2025\/03\/venta-mostrador-2.jpg 647w, https:\/\/sei.com.ar\/wp-content\/uploads\/2025\/03\/venta-mostrador-2-600x491.jpg 600w\" sizes=\"auto, (max-width: 647px) 100vw, 647px\" \/>\n                        <\/figure>\n                        <\/div>\n                      <\/div>\n                      \n                    <\/div>\n                    \n\n                    \n                    <h3 class=\"wp-block-heading\">Front Office<\/h3>\n                    \n\n                    \n                    <ul class=\"wp-block-list\">\n                      \n                      <li>Par\u00e1metros y seguridad<\/li>\n                      \n\n                      \n                      <li>Lista de Precios, Acuerdos y Convenios<\/li>\n                      \n\n                      \n                      <li>Comprobantes de Venta<\/li>\n                      \n\n                      \n                      <li>Estad\u00edsticas<\/li>\n                      \n\n                      \n                      <li>Facturaci\u00f3n Electr\u00f3nica<\/li>\n                      \n\n                      \n                      <li>Factura de Cr\u00e9dito Electr\u00f3nica MiPyMe<\/li>\n                      \n                    <\/ul>\n                    \n\n                    \n                    <ul class=\"wp-block-list\">\n                      \n                      <li>AMB Clientes<\/li>\n                      \n\n                      \n                      <li>Pedidos<\/li>\n                      \n\n                      \n                      <li>Remitos<\/li>\n                      \n\n                      \n                      <li>SAC-Sistema de At. al Cliente<\/li>\n                      \n                    <\/ul>\n                    \n\n                    \n                    <ul class=\"wp-block-list\">\n                      \n                      <li>Cuentas Corrientes<\/li>\n                      \n\n                      \n                      <li>An\u00e1lisis de Ventas<\/li>\n                      \n                    <\/ul>\n                    \n\n                    \n                    <ul class=\"wp-block-list\">\n                      \n                      <li>Inventarios<\/li>\n                      \n\n                      \n                      <li>Costos<\/li>\n                      \n\n                      \n                      <li>Finanzas<\/li>\n                      \n\n                      \n                      <li>Administraci\u00f3n Bonos<\/li>\n                      \n                    <\/ul>\n                    \n\n                    \n                    <h3 class=\"wp-block-heading\">Back office<\/h3>\n                    \n\n                    \n                    <ul class=\"wp-block-list\">\n                      \n                      <li>ABM Proveedores<\/li>\n                      \n\n                      \n                      <li>Comprobantes<\/li>\n                      \n\n                      \n                      <li>Cte. Cte. Proveedores<\/li>\n                      \n\n                      \n                      <li>\u00d3rdenes de Pago<\/li>\n                      \n                    <\/ul>\n                    \n\n                    \n                    <ul class=\"wp-block-list\">\n                      \n                      <li>Contabilidad<\/li>\n                      \n\n                      \n                      <li>Impuestos<\/li>\n                      \n\n                      \n                      <li>Bancos<\/li>\n                      \n\n                      \n                      <li>Proceso de Cierre de Mes<\/li>\n                      \n                    <\/ul>\n                    \n\n                    \n                    <h3 class=\"wp-block-heading\">Espec\u00edficos<\/h3>\n                    \n\n                    \n                    <ul class=\"wp-block-list\">\n                      \n                      <li>Producci\u00f3n<\/li>\n                      \n\n                      \n                      <li>Recepci\u00f3n de Mercader\u00edas<\/li>\n                      \n\n                      \n                      <li>Inventarios<\/li>\n                      \n\n                      \n                      <li>Log\u00edstica y Distribuci\u00f3n<\/li>\n                      \n\n                      \n                      <li>M\u00faltiples dep\u00f3sitos\/sucursales<\/li>\n                      \n\n                      \n                      <li>Envases (Cilindros \/ Garrafas)<\/li>\n                      \n\n                      \n                      <li>Granel<\/li>\n                      \n                    <\/ul>\n                    \n\n                    \n                    <ul class=\"wp-block-list\">\n                      \n                      <li>Control N\u00ba de Serie<\/li>\n                      \n\n                      \n                      <li>Lectura N\u00ba de Serie p\/C\u00f3digo de Barras<\/li>\n                      \n\n                      \n                      <li>Trazabilidad<\/li>\n                      \n\n                      \n                      <li>Indice de Rotaci\u00f3n<\/li>\n                      \n\n                      \n                      <li>Saldos Envases en Cliente<\/li>\n                      \n\n                      \n                      <li>Liquidaci\u00f3n de Sueldos<\/li>\n                      \n                    <\/ul>\n                    \n\n                    \n                    <ul class=\"wp-block-list\">\n                      \n                      <li>Control Vto. Carga<\/li>\n                      \n\n                      \n                      <li>Control Vto. Prueba Hidr\u00e1ulica<\/li>\n                      \n\n                      \n                      <li>Administraci\u00f3n Instalaciones Granel<\/li>\n                      \n\n                      \n                      <li>Facturaci\u00f3n Alquileres diario\/mensual<\/li>\n                      \n                    <\/ul>\n                    \n\n                    \n                    <h4 class=\"wp-block-heading\">Caracter\u00edsticas<\/h4>\n                    \n\n                    \n                    <p>Sistema administrativo integral.\n                      <br>Base de datos centralizada, concepto cliente-servidor.\n                      <br>Bimonetario, multiempresa, multisucursal.\n                      <br>Accesibilidad remota.\n                      <br>Asistentes en castellano.\n                      <br>Entorno gr\u00e1fico.\n                      <br>Dise\u00f1o modular, escalable y parametrizable.<\/p>\n                    \n\n                    \n                    <p><strong>Integraci\u00f3n tecnol\u00f3gica<\/strong>\n                      <br>Compatible con plataformas Windows, Linux, Unix y otros SO (sistemas operativos)\n                      <br>Salidas a Excel, PDF\n                      <br>Conectividad a internet, BD (bases de datos relacionales) y otros aplicativos.\n                      <br>Impresoras l\u00e1ser, Matriz de punto, CF, Impresoras Fiscales, Lectoras de tarjetas de cr\u00e9dito.<\/p>\n                    \n                  <\/div>\n                <\/div>\n              <\/div>\n            <\/div>\n          <\/div>\n        <\/div>\n      <\/div>\n    <\/div>\n  <\/div>\n<\/div>","protected":false},"excerpt":{"rendered":"<p>Gases Industriales y Gases derivados del Petroleo (GLP) Empresas distribuidoras o fraccionadoras de [&hellip;]<\/p>\n","protected":false},"author":1,"featured_media":0,"parent":49,"menu_order":0,"comment_status":"closed","ping_status":"closed","template":"page-templates\/full-width-page.php","meta":{"footnotes":""},"class_list":["post-55","page","type-page","status-publish","hentry"],"_links":{"self":[{"href":"https:\/\/sei.com.ar\/index.php?rest_route=\/wp\/v2\/pages\/55","targetHints":{"allow":["GET"]}}],"collection":[{"href":"https:\/\/sei.com.ar\/index.php?rest_route=\/wp\/v2\/pages"}],"about":[{"href":"https:\/\/sei.com.ar\/index.php?rest_route=\/wp\/v2\/types\/page"}],"author":[{"embeddable":true,"href":"https:\/\/sei.com.ar\/index.php?rest_route=\/wp\/v2\/users\/1"}],"replies":[{"embeddable":true,"href":"https:\/\/sei.com.ar\/index.php?rest_route=%2Fwp%2Fv2%2Fcomments&post=55"}],"version-history":[{"count":18,"href":"https:\/\/sei.com.ar\/index.php?rest_route=\/wp\/v2\/pages\/55\/revisions"}],"predecessor-version":[{"id":817,"href":"https:\/\/sei.com.ar\/index.php?rest_route=\/wp\/v2\/pages\/55\/revisions\/817"}],"up":[{"embeddable":true,"href":"https:\/\/sei.com.ar\/index.php?rest_route=\/wp\/v2\/pages\/49"}],"wp:attachment":[{"href":"https:\/\/sei.com.ar\/index.php?rest_route=%2Fwp%2Fv2%2Fmedia&parent=55"}],"curies":[{"name":"wp","href":"https:\/\/api.w.org\/{rel}","templated":true}]}}