{"id":57,"date":"2024-12-20T13:02:58","date_gmt":"2024-12-20T16:02:58","guid":{"rendered":"https:\/\/sei.com.ar\/wordpress\/?page_id=57"},"modified":"2026-04-09T09:40:51","modified_gmt":"2026-04-09T12:40:51","slug":"orange-pos","status":"publish","type":"page","link":"https:\/\/sei.com.ar\/?page_id=57","title":{"rendered":"Orange Logistics"},"content":{"rendered":"<div data-colibri-id=\"57-c1\" class=\"style-222 style-local-57-c1 position-relative\">\r\n  <!---->\r\n  <div data-colibri-component=\"section\" data-colibri-id=\"57-c2\" id=\"custom\" class=\"h-section h-section-global-spacing d-flex align-items-lg-center align-items-md-center align-items-center style-223 style-local-57-c2 position-relative\">\r\n    <!---->\r\n    <!---->\r\n    <div class=\"h-section-grid-container h-section-boxed-container\">\r\n      <!---->\r\n      <div data-colibri-id=\"57-c3\" class=\"h-row-container gutters-row-lg-2 gutters-row-md-2 gutters-row-0 gutters-row-v-lg-2 gutters-row-v-md-2 gutters-row-v-2 style-227 style-local-57-c3 position-relative\">\r\n        <!---->\r\n        <div class=\"h-row justify-content-lg-center justify-content-md-center justify-content-center align-items-lg-stretch align-items-md-stretch align-items-stretch gutters-col-lg-2 gutters-col-md-2 gutters-col-0 gutters-col-v-lg-2 gutters-col-v-md-2 gutters-col-v-2\">\r\n          <!---->\r\n          <div class=\"h-column h-column-container d-flex h-col-lg-auto h-col-md-auto h-col-auto style-228-outer style-local-57-c4-outer\">\r\n            <div data-colibri-id=\"57-c4\" class=\"d-flex h-flex-basis h-column__inner h-px-lg-2 h-px-md-2 h-px-2 v-inner-lg-2 v-inner-md-2 v-inner-2 style-228 style-local-57-c4 position-relative\">\r\n              <!---->\r\n              <!---->\r\n              <div class=\"w-100 h-y-container h-column__content h-column__v-align flex-basis-100 align-self-lg-start align-self-md-start align-self-start\">\r\n                <!---->\r\n                <div data-colibri-id=\"57-c5\" class=\"h-text h-text-component style-226 style-local-57-c5 position-relative h-element\">\r\n                  <!---->\r\n                  <!---->\r\n                  <div class=\"\">\r\n                    <h3><strong>GEO soluciones para tu negocio<\/strong><\/h3>\r\n                    <p><strong>Descripci\u00f3n General:<\/strong>\r\n                      <br> <em>Orange Logistics<\/em> es una soluci\u00f3n de punto de venta dise\u00f1ada espec\u00edficamente para empresas de <strong>log\u00edstica, distribuci\u00f3n y venta de productos online<\/strong>, integrando funcionalidades avanzadas de <strong>geolocalizaci\u00f3n (GeoData)<\/strong>,\r\n                      gesti\u00f3n de inventario en tiempo real, seguimiento de pedidos y optimizaci\u00f3n de rutas de entrega.<\/p>\r\n                    <p>Combina la facilidad de uso de un POS tradicional con herramientas de control y an\u00e1lisis log\u00edstico, permitiendo a distribuidores y retailers operar tanto en <strong>canales f\u00edsicos como digitales<\/strong> de forma integrada.<\/p>\r\n                    <p>\r\n                      <br>\r\n                    <\/p>\r\n                    <p>\r\n                      <br>\r\n                    <\/p>\r\n                  <\/div>\r\n                <\/div>\r\n              <\/div>\r\n            <\/div>\r\n          <\/div>\r\n          <div class=\"h-column h-column-container d-flex h-col-lg-auto h-col-md-auto h-col-auto style-368-outer style-local-57-c6-outer\">\r\n            <div data-colibri-id=\"57-c6\" class=\"d-flex h-flex-basis h-column__inner h-px-lg-2 h-px-md-2 h-px-2 v-inner-lg-2 v-inner-md-2 v-inner-2 style-368 style-local-57-c6 position-relative\">\r\n              <!---->\r\n              <!---->\r\n              <div class=\"w-100 h-y-container h-column__content h-column__v-align flex-basis-100 align-self-lg-start align-self-md-start align-self-start\">\r\n                <!---->\r\n                <div data-colibri-id=\"57-c7\" class=\"d-block style-369 style-local-57-c7 position-relative h-element\">\r\n                  <!---->\r\n                  <div class=\"h-image__frame-container-outer\">\r\n                    <div class=\"h-image__frame-container\">\r\n                      <!---->\r\n                      <!---->\r\n                      <img loading=\"lazy\" decoding=\"async\" width=\"2560\" height=\"1397\" src=\"https:\/\/sei.com.ar\/wp-content\/uploads\/2025\/10\/image1-scaled.png\" class=\"wp-image-880 style-369-image style-local-57-c7-image\" alt=\"\" srcset=\"https:\/\/sei.com.ar\/wp-content\/uploads\/2025\/10\/image1-scaled.png 2560w, https:\/\/sei.com.ar\/wp-content\/uploads\/2025\/10\/image1-600x328.png 600w, https:\/\/sei.com.ar\/wp-content\/uploads\/2025\/10\/image1-1920x1048.png 1920w, https:\/\/sei.com.ar\/wp-content\/uploads\/2025\/10\/image1-768x419.png 768w, https:\/\/sei.com.ar\/wp-content\/uploads\/2025\/10\/image1-1536x838.png 1536w, https:\/\/sei.com.ar\/wp-content\/uploads\/2025\/10\/image1-2048x1118.png 2048w\" sizes=\"auto, (max-width: 2560px) 100vw, 2560px\" \/>\r\n                      <div class=\"h-image__frame h-hide-lg h-hide-md h-hide-sm style-369-frameImage style-local-57-c7-frameImage\"><\/div>\r\n                    <\/div>\r\n                  <\/div>\r\n                <\/div>\r\n              <\/div>\r\n            <\/div>\r\n          <\/div>\r\n        <\/div>\r\n      <\/div>\r\n      <div data-colibri-id=\"57-c8\" class=\"h-row-container gutters-row-lg-2 gutters-row-md-2 gutters-row-0 gutters-row-v-lg-2 gutters-row-v-md-2 gutters-row-v-2 style-232 style-local-57-c8 position-relative\">\r\n        <!---->\r\n        <div class=\"h-row justify-content-lg-center justify-content-md-center justify-content-center align-items-lg-stretch align-items-md-stretch align-items-stretch gutters-col-lg-2 gutters-col-md-2 gutters-col-0 gutters-col-v-lg-2 gutters-col-v-md-2 gutters-col-v-2\">\r\n          <!---->\r\n          <div class=\"h-column h-column-container d-flex h-col-lg-auto h-col-md-auto h-col-auto style-233-outer style-local-57-c9-outer\">\r\n            <div data-colibri-id=\"57-c9\" class=\"d-flex h-flex-basis h-column__inner h-px-lg-2 h-px-md-2 h-px-2 v-inner-lg-2 v-inner-md-2 v-inner-2 style-233 style-local-57-c9 position-relative\">\r\n              <!---->\r\n              <!---->\r\n              <div class=\"w-100 h-y-container h-column__content h-column__v-align flex-basis-100 align-self-lg-start align-self-md-start align-self-start\">\r\n                <!---->\r\n                <div data-colibri-id=\"57-c10\" class=\"d-block style-234 style-local-57-c10 position-relative h-element\">\r\n                  <!---->\r\n                  <div class=\"h-image__frame-container-outer\">\r\n                    <div class=\"h-image__frame-container\">\r\n                      <!---->\r\n                      <!---->\r\n                      <img loading=\"lazy\" decoding=\"async\" width=\"2560\" height=\"1397\" src=\"https:\/\/sei.com.ar\/wp-content\/uploads\/2025\/10\/image0-scaled.png\" class=\"wp-image-879 style-234-image style-local-57-c10-image\" alt=\"\" srcset=\"https:\/\/sei.com.ar\/wp-content\/uploads\/2025\/10\/image0-scaled.png 2560w, https:\/\/sei.com.ar\/wp-content\/uploads\/2025\/10\/image0-600x328.png 600w, https:\/\/sei.com.ar\/wp-content\/uploads\/2025\/10\/image0-1920x1048.png 1920w, https:\/\/sei.com.ar\/wp-content\/uploads\/2025\/10\/image0-768x419.png 768w, https:\/\/sei.com.ar\/wp-content\/uploads\/2025\/10\/image0-1536x838.png 1536w, https:\/\/sei.com.ar\/wp-content\/uploads\/2025\/10\/image0-2048x1118.png 2048w\" sizes=\"auto, (max-width: 2560px) 100vw, 2560px\" \/>\r\n                      <div class=\"h-image__frame h-hide-lg h-hide-md h-hide-sm style-234-frameImage style-local-57-c10-frameImage\"><\/div>\r\n                    <\/div>\r\n                  <\/div>\r\n                <\/div>\r\n              <\/div>\r\n            <\/div>\r\n          <\/div>\r\n        <\/div>\r\n      <\/div>\r\n      <div data-colibri-id=\"57-c11\" class=\"h-row-container gutters-row-lg-2 gutters-row-md-2 gutters-row-0 gutters-row-v-lg-2 gutters-row-v-md-2 gutters-row-v-2 style-224 style-local-57-c11 position-relative\">\r\n        <!---->\r\n        <div class=\"h-row justify-content-lg-center justify-content-md-center justify-content-center align-items-lg-stretch align-items-md-stretch align-items-stretch gutters-col-lg-2 gutters-col-md-2 gutters-col-0 gutters-col-v-lg-2 gutters-col-v-md-2 gutters-col-v-2\">\r\n          <!---->\r\n          <div class=\"h-column h-column-container d-flex h-col-lg-auto h-col-md-auto h-col-auto style-225-outer style-local-57-c12-outer\">\r\n            <div data-colibri-id=\"57-c12\" class=\"d-flex h-flex-basis h-column__inner h-px-lg-2 h-px-md-2 h-px-2 v-inner-lg-2 v-inner-md-2 v-inner-2 style-225 style-local-57-c12 position-relative\">\r\n              <!---->\r\n              <!---->\r\n              <div class=\"w-100 h-y-container h-column__content h-column__v-align flex-basis-100 align-self-lg-start align-self-md-start align-self-start\">\r\n                <!---->\r\n                <div data-colibri-id=\"57-c13\" class=\"h-text h-text-component style-229 style-local-57-c13 position-relative h-element\">\r\n                  <!---->\r\n                  <!---->\r\n                  <div class=\"\">\r\n                    <h3><strong>Caracter\u00edsticas Principales:<\/strong><\/h3>\r\n                    <ul>\r\n                      <li><strong>Venta y facturaci\u00f3n \u00e1gil<\/strong> desde puntos f\u00edsicos o m\u00f3viles.<\/li>\r\n                      <li><strong>Gesti\u00f3n de stock multidep\u00f3sito<\/strong>, con trazabilidad por ubicaci\u00f3n.<\/li>\r\n                      <li><strong>Seguimiento en tiempo real<\/strong> de pedidos mediante <strong>GeoData<\/strong>.<\/li>\r\n                      <li><strong>Asignaci\u00f3n inteligente de rutas y zonas de entrega<\/strong> para transportistas.<\/li>\r\n                      <li><strong>Dashboard log\u00edstico<\/strong> con indicadores de distribuci\u00f3n, tiempos, costos y cobertura.<\/li>\r\n                      <li><strong>Notificaciones autom\u00e1ticas a clientes<\/strong> sobre el estado y la ubicaci\u00f3n del pedido.<\/li>\r\n                      <li><strong>Geolocalizaci\u00f3n de clientes, dep\u00f3sitos y transportistas<\/strong>.<\/li>\r\n                      <li><strong>An\u00e1lisis de comportamiento de compra por zona geogr\u00e1fica.<\/strong><\/li>\r\n                    <\/ul>\r\n                    <p>\r\n                      <br>\r\n                    <\/p>\r\n                  <\/div>\r\n                <\/div>\r\n              <\/div>\r\n            <\/div>\r\n          <\/div>\r\n          <div class=\"h-column h-column-container d-flex h-col-lg-auto h-col-md-auto h-col-auto style-230-outer style-local-57-c14-outer\">\r\n            <div data-colibri-id=\"57-c14\" class=\"d-flex h-flex-basis h-column__inner h-px-lg-2 h-px-md-2 h-px-2 v-inner-lg-2 v-inner-md-2 v-inner-2 style-230 style-local-57-c14 position-relative\">\r\n              <!---->\r\n              <!---->\r\n              <div class=\"w-100 h-y-container h-column__content h-column__v-align flex-basis-100 align-self-lg-start align-self-md-start align-self-start\">\r\n                <!---->\r\n                <div data-colibri-id=\"57-c15\" class=\"h-text h-text-component style-231 style-local-57-c15 position-relative h-element\">\r\n                  <!---->\r\n                  <!---->\r\n                  <div class=\"\">\r\n                    <h3><strong>Beneficios para tu operaci\u00f3n:<\/strong><\/h3>\r\n                    <ul>\r\n                      <li>Reducci\u00f3n de tiempos de entrega y optimizaci\u00f3n de recursos log\u00edsticos.<\/li>\r\n                      <li>Control integral de la cadena de distribuci\u00f3n desde el punto de venta.<\/li>\r\n                      <li>Mejora en la experiencia del cliente con informaci\u00f3n actualizada en tiempo real.<\/li>\r\n                      <li>Mayor eficiencia en la planificaci\u00f3n de rutas y asignaci\u00f3n de pedidos.<\/li>\r\n                      <li>Adaptabilidad a distintos modelos de negocio: Productores, mayoristas, distribuidores y&nbsp;comercios minoristas.<\/li>\r\n                    <\/ul>\r\n                    <p><strong>Orange Logistics<\/strong> transforma el punto de venta en un <strong>centro log\u00edstico inteligente<\/strong>, combinando lo mejor del retail, la distribuci\u00f3n y la tecnolog\u00eda de geolocalizaci\u00f3n para impulsar la eficiencia operativa\r\n                      y mejorar la experiencia del cliente final.<\/p>\r\n                  <\/div>\r\n                <\/div>\r\n              <\/div>\r\n            <\/div>\r\n          <\/div>\r\n        <\/div>\r\n      <\/div>\r\n      <div data-colibri-id=\"57-c16\" class=\"h-row-container gutters-row-lg-2 gutters-row-md-2 gutters-row-0 gutters-row-v-lg-2 gutters-row-v-md-2 gutters-row-v-2 style-235 style-local-57-c16 position-relative\">\r\n        <!---->\r\n        <div class=\"h-row justify-content-lg-center justify-content-md-center justify-content-center align-items-lg-stretch align-items-md-stretch align-items-stretch gutters-col-lg-2 gutters-col-md-2 gutters-col-0 gutters-col-v-lg-2 gutters-col-v-md-2 gutters-col-v-2\">\r\n          <!---->\r\n          <div class=\"h-column h-column-container d-flex h-col-lg-auto h-col-md-auto h-col-auto style-237-outer style-local-57-c17-outer\">\r\n            <div data-colibri-id=\"57-c17\" class=\"d-flex h-flex-basis h-column__inner h-px-lg-2 h-px-md-2 h-px-2 v-inner-lg-2 v-inner-md-2 v-inner-2 style-237 style-local-57-c17 position-relative\">\r\n              <!---->\r\n              <!---->\r\n              <div class=\"w-100 h-y-container h-column__content h-column__v-align flex-basis-100 align-self-lg-start align-self-md-start align-self-start\">\r\n                <!---->\r\n                <div data-colibri-id=\"57-c18\" class=\"d-block style-238 style-local-57-c18 position-relative h-element\">\r\n                  <!---->\r\n                  <div class=\"h-image__frame-container-outer\">\r\n                    <div class=\"h-image__frame-container\">\r\n                      <!---->\r\n                      <!---->\r\n                      <img loading=\"lazy\" decoding=\"async\" width=\"2560\" height=\"1397\" src=\"https:\/\/sei.com.ar\/wp-content\/uploads\/2025\/10\/image2-scaled.png\" class=\"wp-image-881 style-238-image style-local-57-c18-image\" alt=\"\" srcset=\"https:\/\/sei.com.ar\/wp-content\/uploads\/2025\/10\/image2-scaled.png 2560w, https:\/\/sei.com.ar\/wp-content\/uploads\/2025\/10\/image2-600x328.png 600w, https:\/\/sei.com.ar\/wp-content\/uploads\/2025\/10\/image2-1920x1048.png 1920w, https:\/\/sei.com.ar\/wp-content\/uploads\/2025\/10\/image2-768x419.png 768w, https:\/\/sei.com.ar\/wp-content\/uploads\/2025\/10\/image2-1536x838.png 1536w, https:\/\/sei.com.ar\/wp-content\/uploads\/2025\/10\/image2-2048x1118.png 2048w\" sizes=\"auto, (max-width: 2560px) 100vw, 2560px\" \/>\r\n                      <div class=\"h-image__frame h-hide-lg h-hide-md h-hide-sm style-238-frameImage style-local-57-c18-frameImage\"><\/div>\r\n                    <\/div>\r\n                  <\/div>\r\n                <\/div>\r\n              <\/div>\r\n            <\/div>\r\n          <\/div>\r\n        <\/div>\r\n      <\/div>\r\n    <\/div>\r\n  <\/div>\r\n  <div data-colibri-component=\"section\" data-colibri-id=\"57-c19\" id=\"custom-2\" class=\"h-section h-section-global-spacing d-flex align-items-lg-center align-items-md-center align-items-center style-370 style-local-57-c19 position-relative\">\r\n    <!---->\r\n    <!---->\r\n    <div class=\"h-section-grid-container h-section-boxed-container\">\r\n      <!---->\r\n      <div data-colibri-id=\"57-c20\" class=\"h-row-container gutters-row-lg-2 gutters-row-md-2 gutters-row-0 gutters-row-v-lg-2 gutters-row-v-md-2 gutters-row-v-2 style-371 style-local-57-c20 position-relative\">\r\n        <!---->\r\n        <div class=\"h-row justify-content-lg-center justify-content-md-center justify-content-center align-items-lg-stretch align-items-md-stretch align-items-stretch gutters-col-lg-2 gutters-col-md-2 gutters-col-0 gutters-col-v-lg-2 gutters-col-v-md-2 gutters-col-v-2\">\r\n          <!---->\r\n          <div class=\"h-column h-column-container d-flex h-col-lg-auto h-col-md-auto h-col-auto style-372-outer style-local-57-c21-outer\">\r\n            <div data-colibri-id=\"57-c21\" class=\"d-flex h-flex-basis h-column__inner h-px-lg-2 h-px-md-2 h-px-2 v-inner-lg-2 v-inner-md-2 v-inner-2 style-372 style-local-57-c21 position-relative\">\r\n              <!---->\r\n              <!---->\r\n              <div class=\"w-100 h-y-container h-column__content h-column__v-align flex-basis-100 align-self-lg-start align-self-md-start align-self-start\">\r\n                <!---->\r\n                <div data-colibri-id=\"57-c22\" class=\"d-block style-374 style-local-57-c22 position-relative h-element\">\r\n                  <!---->\r\n                  <div class=\"h-image__frame-container-outer\">\r\n                    <div class=\"h-image__frame-container\">\r\n                      <!---->\r\n                      <!---->\r\n                      <img loading=\"lazy\" decoding=\"async\" width=\"2560\" height=\"1397\" src=\"https:\/\/sei.com.ar\/wp-content\/uploads\/2025\/10\/image4-scaled.png\" class=\"wp-image-882 style-374-image style-local-57-c22-image\" alt=\"\" srcset=\"https:\/\/sei.com.ar\/wp-content\/uploads\/2025\/10\/image4-scaled.png 2560w, https:\/\/sei.com.ar\/wp-content\/uploads\/2025\/10\/image4-600x328.png 600w, https:\/\/sei.com.ar\/wp-content\/uploads\/2025\/10\/image4-1920x1048.png 1920w, https:\/\/sei.com.ar\/wp-content\/uploads\/2025\/10\/image4-768x419.png 768w, https:\/\/sei.com.ar\/wp-content\/uploads\/2025\/10\/image4-1536x838.png 1536w, https:\/\/sei.com.ar\/wp-content\/uploads\/2025\/10\/image4-2048x1118.png 2048w\" sizes=\"auto, (max-width: 2560px) 100vw, 2560px\" \/>\r\n                      <div class=\"h-image__frame h-hide-lg h-hide-md h-hide-sm style-374-frameImage style-local-57-c22-frameImage\"><\/div>\r\n                    <\/div>\r\n                  <\/div>\r\n                <\/div>\r\n              <\/div>\r\n            <\/div>\r\n          <\/div>\r\n          <div class=\"h-column h-column-container d-flex h-col-lg-auto h-col-md-auto h-col-auto style-373-outer style-local-57-c23-outer\">\r\n            <div data-colibri-id=\"57-c23\" class=\"d-flex h-flex-basis h-column__inner h-px-lg-2 h-px-md-2 h-px-2 v-inner-lg-2 v-inner-md-2 v-inner-2 style-373 style-local-57-c23 position-relative\">\r\n              <!---->\r\n              <!---->\r\n              <div class=\"w-100 h-y-container h-column__content h-column__v-align flex-basis-100 align-self-lg-start align-self-md-start align-self-start\">\r\n                <!---->\r\n                <div data-colibri-id=\"57-c24\" class=\"d-block style-375 style-local-57-c24 position-relative h-element\">\r\n                  <!---->\r\n                  <div class=\"h-image__frame-container-outer\">\r\n                    <div class=\"h-image__frame-container\">\r\n                      <!---->\r\n                      <!---->\r\n                      <img loading=\"lazy\" decoding=\"async\" width=\"2560\" height=\"1397\" src=\"https:\/\/sei.com.ar\/wp-content\/uploads\/2025\/10\/image5-scaled.png\" class=\"wp-image-883 style-375-image style-local-57-c24-image\" alt=\"\" srcset=\"https:\/\/sei.com.ar\/wp-content\/uploads\/2025\/10\/image5-scaled.png 2560w, https:\/\/sei.com.ar\/wp-content\/uploads\/2025\/10\/image5-600x328.png 600w, https:\/\/sei.com.ar\/wp-content\/uploads\/2025\/10\/image5-1920x1048.png 1920w, https:\/\/sei.com.ar\/wp-content\/uploads\/2025\/10\/image5-768x419.png 768w, https:\/\/sei.com.ar\/wp-content\/uploads\/2025\/10\/image5-1536x838.png 1536w, https:\/\/sei.com.ar\/wp-content\/uploads\/2025\/10\/image5-2048x1118.png 2048w\" sizes=\"auto, (max-width: 2560px) 100vw, 2560px\" \/>\r\n                      <div class=\"h-image__frame h-hide-lg h-hide-md h-hide-sm style-375-frameImage style-local-57-c24-frameImage\"><\/div>\r\n                    <\/div>\r\n                  <\/div>\r\n                <\/div>\r\n              <\/div>\r\n            <\/div>\r\n          <\/div>\r\n        <\/div>\r\n      <\/div>\r\n    <\/div>\r\n  <\/div>\r\n<\/div>","protected":false},"excerpt":{"rendered":"<p>GEO soluciones para tu negocio Descripci\u00f3n General: Orange Logistics es una soluci\u00f3n de [&hellip;]<\/p>\n","protected":false},"author":1,"featured_media":0,"parent":49,"menu_order":1,"comment_status":"closed","ping_status":"closed","template":"page-templates\/full-width-page.php","meta":{"footnotes":""},"class_list":["post-57","page","type-page","status-publish","hentry"],"_links":{"self":[{"href":"https:\/\/sei.com.ar\/index.php?rest_route=\/wp\/v2\/pages\/57","targetHints":{"allow":["GET"]}}],"collection":[{"href":"https:\/\/sei.com.ar\/index.php?rest_route=\/wp\/v2\/pages"}],"about":[{"href":"https:\/\/sei.com.ar\/index.php?rest_route=\/wp\/v2\/types\/page"}],"author":[{"embeddable":true,"href":"https:\/\/sei.com.ar\/index.php?rest_route=\/wp\/v2\/users\/1"}],"replies":[{"embeddable":true,"href":"https:\/\/sei.com.ar\/index.php?rest_route=%2Fwp%2Fv2%2Fcomments&post=57"}],"version-history":[{"count":14,"href":"https:\/\/sei.com.ar\/index.php?rest_route=\/wp\/v2\/pages\/57\/revisions"}],"predecessor-version":[{"id":957,"href":"https:\/\/sei.com.ar\/index.php?rest_route=\/wp\/v2\/pages\/57\/revisions\/957"}],"up":[{"embeddable":true,"href":"https:\/\/sei.com.ar\/index.php?rest_route=\/wp\/v2\/pages\/49"}],"wp:attachment":[{"href":"https:\/\/sei.com.ar\/index.php?rest_route=%2Fwp%2Fv2%2Fmedia&parent=57"}],"curies":[{"name":"wp","href":"https:\/\/api.w.org\/{rel}","templated":true}]}}