{"id":59,"date":"2024-12-20T13:04:05","date_gmt":"2024-12-20T16:04:05","guid":{"rendered":"https:\/\/sei.com.ar\/wordpress\/?page_id=59"},"modified":"2025-08-22T09:49:39","modified_gmt":"2025-08-22T12:49:39","slug":"big-dashbord","status":"publish","type":"page","link":"https:\/\/sei.com.ar\/?page_id=59","title":{"rendered":"Big Dashboard"},"content":{"rendered":"\n<h4 class=\"wp-block-heading\"><strong>BigBang Dashboard \u2013 Potencia tu Gesti\u00f3n con Datos en Tiempo Real<\/strong><\/h4>\n\n\n\n<p><strong>BigBang Dashboard<\/strong> es una soluci\u00f3n avanzada de visualizaci\u00f3n y an\u00e1lisis de datos dise\u00f1ada para proporcionar a las empresas informaci\u00f3n clave en tiempo real. Con una interfaz intuitiva y herramientas de inteligencia de negocio, permite monitorear m\u00e9tricas, tomar decisiones estrat\u00e9gicas y optimizar procesos de manera eficiente.<\/p>\n\n\n\n<figure class=\"wp-block-image size-full\"><img loading=\"lazy\" decoding=\"async\" width=\"1897\" height=\"511\" src=\"https:\/\/sei.com.ar\/wordpress\/wp-content\/uploads\/2025\/07\/dashbord1-1.png\" alt=\"\" class=\"wp-image-371\" srcset=\"https:\/\/sei.com.ar\/wp-content\/uploads\/2025\/07\/dashbord1-1.png 1897w, https:\/\/sei.com.ar\/wp-content\/uploads\/2025\/07\/dashbord1-1-600x162.png 600w, https:\/\/sei.com.ar\/wp-content\/uploads\/2025\/07\/dashbord1-1-768x207.png 768w, https:\/\/sei.com.ar\/wp-content\/uploads\/2025\/07\/dashbord1-1-1536x414.png 1536w\" sizes=\"auto, (max-width: 1897px) 100vw, 1897px\" \/><\/figure>\n\n\n\n<figure class=\"wp-block-image size-full\"><img loading=\"lazy\" decoding=\"async\" width=\"1811\" height=\"453\" src=\"https:\/\/sei.com.ar\/wordpress\/wp-content\/uploads\/2025\/07\/dashbord2-1.png\" alt=\"\" class=\"wp-image-372\" srcset=\"https:\/\/sei.com.ar\/wp-content\/uploads\/2025\/07\/dashbord2-1.png 1811w, https:\/\/sei.com.ar\/wp-content\/uploads\/2025\/07\/dashbord2-1-600x150.png 600w, https:\/\/sei.com.ar\/wp-content\/uploads\/2025\/07\/dashbord2-1-768x192.png 768w, https:\/\/sei.com.ar\/wp-content\/uploads\/2025\/07\/dashbord2-1-1536x384.png 1536w\" sizes=\"auto, (max-width: 1811px) 100vw, 1811px\" \/><\/figure>\n\n\n\n<figure class=\"wp-block-image size-full\"><img loading=\"lazy\" decoding=\"async\" width=\"1861\" height=\"454\" src=\"https:\/\/sei.com.ar\/wordpress\/wp-content\/uploads\/2025\/07\/dashbord3-2.png\" alt=\"\" class=\"wp-image-373\" srcset=\"https:\/\/sei.com.ar\/wp-content\/uploads\/2025\/07\/dashbord3-2.png 1861w, https:\/\/sei.com.ar\/wp-content\/uploads\/2025\/07\/dashbord3-2-600x146.png 600w, https:\/\/sei.com.ar\/wp-content\/uploads\/2025\/07\/dashbord3-2-768x187.png 768w, https:\/\/sei.com.ar\/wp-content\/uploads\/2025\/07\/dashbord3-2-1536x375.png 1536w\" sizes=\"auto, (max-width: 1861px) 100vw, 1861px\" \/><\/figure>\n\n\n\n<h4 class=\"wp-block-heading\"><strong>Caracter\u00edsticas Principales:<\/strong><\/h4>\n\n\n\n<p>\ud83d\ude80 <strong>Visualizaci\u00f3n Personalizada:<\/strong> Dashboards din\u00e1micos y configurables que se adaptan a las necesidades de cada usuario.<\/p>\n\n\n\n<p>\ud83d\udcca <strong>An\u00e1lisis en Tiempo Real:<\/strong> Conectividad con m\u00faltiples fuentes de datos para obtener informaci\u00f3n actualizada al instante.<\/p>\n\n\n\n<p>\ud83d\udd17 <strong>Integraci\u00f3n Flexible:<\/strong> Compatible con diversas plataformas y herramientas para una experiencia unificada.<\/p>\n\n\n\n<p>\ud83d\udd12 <strong>Seguridad y Control:<\/strong> Acceso seguro y permisos personalizables para garantizar la protecci\u00f3n de la informaci\u00f3n.<\/p>\n\n\n\n<p>\ud83d\udca1 <strong>Toma de Decisiones Basada en Datos:<\/strong> Insights precisos y reportes automatizados para optimizar el rendimiento empresarial.<\/p>\n\n\n\n<p>Con <strong>BigBang Dashboard<\/strong>, transforma los datos en acciones estrat\u00e9gicas y lleva tu empresa al siguiente nivel.<\/p>\n\n\n\n<figure class=\"wp-block-image size-full\"><img loading=\"lazy\" decoding=\"async\" width=\"1769\" height=\"896\" src=\"https:\/\/sei.com.ar\/wordpress\/wp-content\/uploads\/2025\/03\/tablero-comercial.jpg\" alt=\"\" class=\"wp-image-360\" srcset=\"https:\/\/sei.com.ar\/wp-content\/uploads\/2025\/03\/tablero-comercial.jpg 1769w, https:\/\/sei.com.ar\/wp-content\/uploads\/2025\/03\/tablero-comercial-600x304.jpg 600w, https:\/\/sei.com.ar\/wp-content\/uploads\/2025\/03\/tablero-comercial-768x389.jpg 768w, https:\/\/sei.com.ar\/wp-content\/uploads\/2025\/03\/tablero-comercial-1536x778.jpg 1536w\" sizes=\"auto, (max-width: 1769px) 100vw, 1769px\" \/><\/figure>\n\n\n\n<h4 class=\"wp-block-heading\"><br>Acerca de QlikView<\/h4>\n\n\n\n<p>QlikView es una herramienta de Inteligencia de Negocio que permite a las organizaciones medir, monitorear y realizar el seguimiento de procesos claves dentro de la empresa y facilitar la toma de decisiones en los niveles jer\u00e1rquicos de las mismas.<\/p>\n\n\n\n<p>Los cuadros de mando con QlikView, con su interfaz interactiva y de f\u00e1cil uso, basada en simples clic del mouse concede al usuario un acceso r\u00e1pido a m\u00e9tricas del m\u00e1s alto nivel, profundizando en distintos niveles y llegando al detalle.<\/p>\n\n\n\n<p>La creciente demanda de \u00e9sta tecnolog\u00eda de BI en las empresas se debe a que los cuadros de mando con QlikView BI les ofrece sencillez real, al instante, con un s\u00f3lo clic, y que est\u00e1 dise\u00f1ado para todos los usuarios, con independencia de su nivel inform\u00e1tico.<\/p>\n\n\n\n<p>QlikView lo ayuda a entender a fondo la marcha de su negocio mediante indicadores.<\/p>\n\n\n\n<ul class=\"wp-block-list\">\n<li>Consolidando datos \u00fatiles procedentes de m\u00faltiples fuentes en una sola aplicaci\u00f3n<\/li>\n\n\n\n<li>Explorando las asociaciones entre los datos<\/li>\n\n\n\n<li>Permitiendo una toma de decisiones social a trav\u00e9s de una colaboraci\u00f3n segura y en tiempo real<\/li>\n\n\n\n<li>Visualizando los datos con unos gr\u00e1ficos atractivos y tecnol\u00f3gicamente avanzados<\/li>\n\n\n\n<li>Buscando en la totalidad de datos, de forma directa e indirecta<\/li>\n\n\n\n<li>Interactuando con aplicaciones, cuadros de mando y an\u00e1lisis interactivos<\/li>\n<\/ul>\n\n\n\n<p><strong>M\u00e1s de 26.000 organizaciones en m\u00e1s de 100 pa\u00edses de todo el mundo dependen de QlikView a diario para ayudarles a tomar unas decisiones mejores y m\u00e1s r\u00e1pidas.<\/strong><\/p>\n\n\n\n<h4 class=\"wp-block-heading\">Implementaci\u00f3n: Acorde a los requerimientos y seg\u00fan el proyecto.<\/h4>\n\n\n\n<h4 class=\"wp-block-heading\">Integraci\u00f3n con BigBang e-Jazz: El producto QlikView se entrega dentro de los 30 d\u00edas con tablas pre armadas para la visualizaci\u00f3n de la informaci\u00f3n Comercial provista por BigBang e-Jazz ERP.&nbsp;&nbsp;<\/h4>\n\n\n\n<p>\ud83d\udce9 <strong>Cont\u00e1ctanos para una demo y descubre todo su potencial.<\/strong><\/p>\n\n\n\n<p><\/p>\n","protected":false},"excerpt":{"rendered":"<p>BigBang Dashboard \u2013 Potencia tu Gesti\u00f3n con Datos en Tiempo Real BigBang Dashboard [&hellip;]<\/p>\n","protected":false},"author":1,"featured_media":0,"parent":49,"menu_order":2,"comment_status":"closed","ping_status":"closed","template":"","meta":{"footnotes":""},"class_list":["post-59","page","type-page","status-publish","hentry"],"_links":{"self":[{"href":"https:\/\/sei.com.ar\/index.php?rest_route=\/wp\/v2\/pages\/59","targetHints":{"allow":["GET"]}}],"collection":[{"href":"https:\/\/sei.com.ar\/index.php?rest_route=\/wp\/v2\/pages"}],"about":[{"href":"https:\/\/sei.com.ar\/index.php?rest_route=\/wp\/v2\/types\/page"}],"author":[{"embeddable":true,"href":"https:\/\/sei.com.ar\/index.php?rest_route=\/wp\/v2\/users\/1"}],"replies":[{"embeddable":true,"href":"https:\/\/sei.com.ar\/index.php?rest_route=%2Fwp%2Fv2%2Fcomments&post=59"}],"version-history":[{"count":9,"href":"https:\/\/sei.com.ar\/index.php?rest_route=\/wp\/v2\/pages\/59\/revisions"}],"predecessor-version":[{"id":374,"href":"https:\/\/sei.com.ar\/index.php?rest_route=\/wp\/v2\/pages\/59\/revisions\/374"}],"up":[{"embeddable":true,"href":"https:\/\/sei.com.ar\/index.php?rest_route=\/wp\/v2\/pages\/49"}],"wp:attachment":[{"href":"https:\/\/sei.com.ar\/index.php?rest_route=%2Fwp%2Fv2%2Fmedia&parent=59"}],"curies":[{"name":"wp","href":"https:\/\/api.w.org\/{rel}","templated":true}]}}