{"id":62,"date":"2024-12-20T13:07:16","date_gmt":"2024-12-20T16:07:16","guid":{"rendered":"https:\/\/sei.com.ar\/wordpress\/?page_id=62"},"modified":"2025-07-30T15:02:35","modified_gmt":"2025-07-30T18:02:35","slug":"legales","status":"publish","type":"page","link":"https:\/\/sei.com.ar\/?page_id=62","title":{"rendered":"Legales"},"content":{"rendered":"\n<h4 class=\"wp-block-heading\">Titular del Sitio<\/h4>\n\n\n\n<p>Este sitio web es propiedad de <strong>SEI Servicios Especiales en Inform\u00e1tica S.A.<\/strong>, CUIT 30-61595488-4, con domicilio en <strong>Ingeniero White 868 oficina B, B1644BHH-San Fernando, Buenos Aires, Rep\u00fablica Argentina<\/strong>.<br>Correo de contacto: [info@sei.com.ar]<\/p>\n\n\n\n<h4 class=\"wp-block-heading\">1. Aceptaci\u00f3n de T\u00e9rminos<\/h4>\n\n\n\n<p>El uso de este sitio web implica la aceptaci\u00f3n plena de los presentes t\u00e9rminos y condiciones. Si no est\u00e1s de acuerdo con alguno de ellos, por favor no utilices el sitio.<\/p>\n\n\n\n<h4 class=\"wp-block-heading\">2. Propiedad Intelectual<\/h4>\n\n\n\n<p>Todos los contenidos del sitio, incluyendo textos, im\u00e1genes, logos, gr\u00e1ficos, dise\u00f1o y software, est\u00e1n protegidos por las leyes de propiedad intelectual, Ley 11623. Queda prohibida su reproducci\u00f3n o uso sin autorizaci\u00f3n expresa del titular.<\/p>\n\n\n\n<h4 class=\"wp-block-heading\">3. Protecci\u00f3n de Datos Personales<\/h4>\n\n\n\n<p>De acuerdo con la Ley N\u00b0 25.326, los datos personales que proporciones ser\u00e1n tratados con estricta confidencialidad. El titular del sitio garantiza que los mismos no ser\u00e1n vendidos ni cedidos a terceros sin tu consentimiento, salvo obligaci\u00f3n legal.<br>El usuario podr\u00e1 ejercer los derechos de acceso, rectificaci\u00f3n y supresi\u00f3n de sus datos enviando un correo a info@sei.com.ar.<br>La Agencia de Acceso a la Informaci\u00f3n P\u00fablica, en su car\u00e1cter de \u00f3rgano de control, tiene la facultad de atender denuncias y reclamos.<\/p>\n\n\n\n<h4 class=\"wp-block-heading\">4. Uso del Sitio<\/h4>\n\n\n\n<p>El usuario se compromete a hacer un uso adecuado del sitio web, respetando la ley, la moral y el orden p\u00fablico. Cualquier uso indebido podr\u00e1 ser motivo de bloqueo o inicio de acciones legales.<\/p>\n\n\n\n<h4 class=\"wp-block-heading\">5. Responsabilidad<\/h4>\n\n\n\n<p>El titular del sitio no se responsabiliza por posibles da\u00f1os o perjuicios derivados del uso de la informaci\u00f3n publicada o por fallas t\u00e9cnicas. Se reserva el derecho de modificar en cualquier momento los contenidos, funcionalidades o condiciones de acceso.<\/p>\n\n\n\n<h4 class=\"wp-block-heading\">6. Jurisdicci\u00f3n<\/h4>\n\n\n\n<p>Para cualquier controversia relacionada con el uso de este sitio web, ser\u00e1n competentes los tribunales ordinarios de la Ciudad Aut\u00f3noma de Buenos Aires, renunciando el usuario a cualquier otro fuero o jurisdicci\u00f3n que pudiera corresponder.<\/p>\n","protected":false},"excerpt":{"rendered":"<p>Titular del Sitio Este sitio web es propiedad de SEI Servicios Especiales en [&hellip;]<\/p>\n","protected":false},"author":1,"featured_media":0,"parent":40,"menu_order":6,"comment_status":"closed","ping_status":"closed","template":"","meta":{"footnotes":""},"class_list":["post-62","page","type-page","status-publish","hentry"],"_links":{"self":[{"href":"https:\/\/sei.com.ar\/index.php?rest_route=\/wp\/v2\/pages\/62","targetHints":{"allow":["GET"]}}],"collection":[{"href":"https:\/\/sei.com.ar\/index.php?rest_route=\/wp\/v2\/pages"}],"about":[{"href":"https:\/\/sei.com.ar\/index.php?rest_route=\/wp\/v2\/types\/page"}],"author":[{"embeddable":true,"href":"https:\/\/sei.com.ar\/index.php?rest_route=\/wp\/v2\/users\/1"}],"replies":[{"embeddable":true,"href":"https:\/\/sei.com.ar\/index.php?rest_route=%2Fwp%2Fv2%2Fcomments&post=62"}],"version-history":[{"count":6,"href":"https:\/\/sei.com.ar\/index.php?rest_route=\/wp\/v2\/pages\/62\/revisions"}],"predecessor-version":[{"id":468,"href":"https:\/\/sei.com.ar\/index.php?rest_route=\/wp\/v2\/pages\/62\/revisions\/468"}],"up":[{"embeddable":true,"href":"https:\/\/sei.com.ar\/index.php?rest_route=\/wp\/v2\/pages\/40"}],"wp:attachment":[{"href":"https:\/\/sei.com.ar\/index.php?rest_route=%2Fwp%2Fv2%2Fmedia&parent=62"}],"curies":[{"name":"wp","href":"https:\/\/api.w.org\/{rel}","templated":true}]}}